{"id":893,"date":"2020-06-18T17:40:21","date_gmt":"2020-06-18T15:40:21","guid":{"rendered":"https:\/\/transimark.com\/impressum\/"},"modified":"2022-06-20T06:56:49","modified_gmt":"2022-06-20T04:56:49","slug":"impressum","status":"publish","type":"page","link":"https:\/\/transimark.com\/de\/impressum\/","title":{"rendered":"Impressum"},"content":{"rendered":"\n<h2 class=\"wp-block-heading\">Wer sind wir ?<\/h2>\n\n<p>Unsere Website-Adresse lautet: https:\/\/transimark.com.<\/p>\n\n<h2 class=\"wp-block-heading\">Verwendung der erhobenen personenbezogenen Daten<\/h2>\n\n<h3 class=\"wp-block-heading\">Bemerkungen<\/h3>\n\n<p>Wenn Sie einen Kommentar auf unserer Website hinterlassen, werden die in das Kommentarformular eingegebenen Daten, aber auch Ihre IP-Adresse und der User-Agent Ihres Browsers erfasst, um uns zu helfen, unerw\u00fcnschte Kommentare zu erkennen.<\/p>\n\n<p>Eine anonymisierte Zeichenfolge, die aus Ihrer E-Mail-Adresse erstellt wird (auch als Hash bezeichnet), kann an den Gravatar-Dienst gesendet werden, um zu \u00fcberpr\u00fcfen, ob Sie ihn verwenden. Die Vertraulichkeitsbestimmungen des Gravatar-Dienstes finden Sie hier: https:\/\/automattic.com\/privacy\/. Nach der Validierung Ihres Kommentars wird Ihr Profilfoto neben Ihrem Kommentar \u00f6ffentlich sichtbar sein.<\/p>\n\n<h3 class=\"wp-block-heading\">Medien<\/h3>\n\n<p>Wenn Sie ein registrierter Benutzer sind und Bilder auf die Website hochladen, raten wir Ihnen, das Hochladen von Bildern mit EXIF-GPS-Koordinatendaten zu vermeiden. Besucher Ihrer Website k\u00f6nnen Standortdaten aus diesen Bildern herunterladen und extrahieren.<\/p>\n\n<h3 class=\"wp-block-heading\">Kontaktformulare<\/h3>\n\n<h3 class=\"wp-block-heading\">Kekse<\/h3>\n\n<p>Wenn Sie einen Kommentar auf unserer Seite hinterlassen, wird Ihnen angeboten, Ihren Namen, Ihre E-Mail-Adresse und Ihre Website in Cookies zu speichern. Dies dient nur zu Ihrem Komfort, damit Sie diese Informationen nicht eingeben m\u00fcssen, wenn Sie sp\u00e4ter einen weiteren Kommentar hinterlassen. Diese Cookies verfallen nach einem Jahr.<\/p>\n\n<p>Wenn Sie ein Konto haben und sich mit dieser Website verbinden, wird ein tempor\u00e4res Cookie erstellt, um festzustellen, ob Ihr Browser Cookies akzeptiert. Sie enth\u00e4lt keine personenbezogenen Daten und wird automatisch gel\u00f6scht, wenn Sie Ihren Browser schlie\u00dfen.<\/p>\n\n<p>Wenn Sie sich anmelden, setzen wir eine Reihe von Cookies, um Ihre Anmeldedaten und Bildschirmeinstellungen zu speichern. Die Lebensdauer eines Verbindungscookies betr\u00e4gt zwei Tage, die eines Bildschirmoptionscookies ein Jahr. Wenn Sie \u201eRemember me\u201c aktivieren, wird Ihr Login-Cookie zwei Wochen lang aufbewahrt. Wenn Sie sich von Ihrem Konto abmelden, wird das Login-Cookie gel\u00f6scht.<\/p>\n\n<p>Durch das Bearbeiten oder Ver\u00f6ffentlichen eines Beitrags wird ein zus\u00e4tzliches Cookie in Ihrem Browser gespeichert. Dieses Cookie enth\u00e4lt keine personenbezogenen Daten. Es zeigt nur die ID des Beitrags, den Sie gerade bearbeitet haben. Sie verf\u00e4llt nach einem Tag.<\/p>\n\n<h3 class=\"wp-block-heading\">Eingebettete Inhalte von anderen Websites<\/h3>\n\n<p>Artikel auf dieser Website k\u00f6nnen eingebettete Inhalte enthalten (z. B. Videos, Bilder, Artikel usw.). Von anderen Sites eingebettete Inhalte verhalten sich so, als ob der Besucher zu dieser anderen Site kommen w\u00fcrde.<\/p>\n\n<p>Diese Websites k\u00f6nnen Daten \u00fcber Sie sammeln, Cookies verwenden, Tracking-Tools von Drittanbietern einbetten und Ihre Interaktionen mit diesen eingebetteten Inhalten verfolgen, wenn Sie ein Konto haben, das mit ihrer Website verbunden ist.<\/p>\n\n<h3 class=\"wp-block-heading\">Statistiken und Publikumsmessungen<\/h3>\n\n<h2 class=\"wp-block-heading\">Nutzung und Weitergabe Ihrer personenbezogenen Daten<\/h2>\n\n<h2 class=\"wp-block-heading\">Speicherzeiten f\u00fcr Ihre Daten<\/h2>\n\n<p>Wenn Sie einen Kommentar hinterlassen, werden der Kommentar und seine Metadaten auf unbestimmte Zeit gespeichert. Dadurch werden nachfolgende Kommentare automatisch erkannt und genehmigt, anstatt sie in der Moderationswarteschlange zu belassen.<\/p>\n\n<p>F\u00fcr Nutzer, die sich auf unserer Seite registrieren (sofern m\u00f6glich), speichern wir auch die in ihrem Profil angegebenen personenbezogenen Daten. Alle Benutzer k\u00f6nnen ihre pers\u00f6nlichen Daten jederzeit einsehen, \u00e4ndern oder l\u00f6schen (mit Ausnahme ihres Benutzernamens\u00b7ice). Site-Manager k\u00f6nnen diese Informationen auch anzeigen und bearbeiten.<\/p>\n\n<h2 class=\"wp-block-heading\">Die Rechte, die Sie an Ihren Daten haben<\/h2>\n\n<p>Wenn Sie ein Konto haben oder Kommentare auf der Website hinterlassen haben, k\u00f6nnen Sie anfordern, eine Datei mit allen personenbezogenen Daten zu erhalten, die wir \u00fcber Sie haben, einschlie\u00dflich derer, die Sie uns zur Verf\u00fcgung gestellt haben. Sie k\u00f6nnen auch die L\u00f6schung der Sie betreffenden personenbezogenen Daten verlangen. Daten, die aus administrativen, rechtlichen oder Sicherheitsgr\u00fcnden gespeichert werden, werden hiervon nicht ber\u00fccksichtigt.<\/p>\n\n<h2 class=\"wp-block-heading\">\u00dcbermittlung Ihrer personenbezogenen Daten<\/h2>\n\n<p>Besucher-Kommentare k\u00f6nnten von einem automatisierten Dienst zur Spam-Erkennung untersucht werden.<\/p>\n\n<h2 class=\"wp-block-heading\">Kontaktinformation<\/h2>\n\n<h2 class=\"wp-block-heading\">zus\u00e4tzliche Information<\/h2>\n\n<h3 class=\"wp-block-heading\">Wie wir Ihre Daten sch\u00fctzen<\/h3>\n\n<h3 class=\"wp-block-heading\">Im Falle eines Datenlecks implementierte Verfahren<\/h3>\n\n<h3 class=\"wp-block-heading\">Dienste von Drittanbietern, die Daten an uns \u00fcbermitteln<\/h3>\n\n<h3 class=\"wp-block-heading\">Automatisierte Marketing- und\/oder Profilerstellungsvorg\u00e4nge, die unter Verwendung personenbezogener Daten durchgef\u00fchrt werden<\/h3>\n\n<h3 class=\"wp-block-heading\">Anzeige von Informationen zu Sektoren, die besonderen Vorschriften unterliegen<\/h3>\n","protected":false},"excerpt":{"rendered":"<p>Wer sind wir ? Unsere Website-Adresse lautet: https:\/\/transimark.com. Verwendung der erhobenen personenbezogenen Daten Bemerkungen Wenn Sie einen Kommentar auf unserer Website hinterlassen, werden die in das Kommentarformular eingegebenen Daten, aber auch Ihre IP-Adresse und der User-Agent Ihres Browsers erfasst, um uns zu helfen, unerw\u00fcnschte Kommentare zu erkennen. Eine anonymisierte Zeichenfolge, die aus Ihrer E-Mail-Adresse erstellt &hellip;<\/p>\n<p class=\"read-more\"> <a class=\"\" href=\"https:\/\/transimark.com\/de\/impressum\/\"> <span class=\"screen-reader-text\">Impressum<\/span> Weiterlesen &raquo;<\/a><\/p>\n","protected":false},"author":1,"featured_media":0,"parent":0,"menu_order":12,"comment_status":"closed","ping_status":"closed","template":"","meta":{"site-sidebar-layout":"no-sidebar","site-content-layout":"plain-container","ast-global-header-display":"","ast-main-header-display":"disabled","ast-hfb-above-header-display":"","ast-hfb-below-header-display":"","ast-hfb-mobile-header-display":"","site-post-title":"disabled","ast-breadcrumbs-content":"disabled","ast-featured-img":"disabled","footer-sml-layout":"disabled","theme-transparent-header-meta":"default","adv-header-id-meta":"","stick-header-meta":"","header-above-stick-meta":"","header-main-stick-meta":"","header-below-stick-meta":"","footnotes":""},"class_list":["post-893","page","type-page","status-publish","hentry"],"yoast_head":"<!-- This site is optimized with the Yoast SEO plugin v19.1 - https:\/\/yoast.com\/wordpress\/plugins\/seo\/ -->\n<title>Impressum - Transi-Mark<\/title>\n<meta name=\"robots\" content=\"index, follow, max-snippet:-1, max-image-preview:large, max-video-preview:-1\" \/>\n<link rel=\"canonical\" href=\"https:\/\/transimark.com\/de\/impressum\/\" \/>\n<meta property=\"og:locale\" content=\"de_DE\" \/>\n<meta property=\"og:type\" content=\"article\" \/>\n<meta property=\"og:title\" content=\"Impressum - Transi-Mark\" \/>\n<meta property=\"og:description\" content=\"Wer sind wir ? Unsere Website-Adresse lautet: https:\/\/transimark.com. Verwendung der erhobenen personenbezogenen Daten Bemerkungen Wenn Sie einen Kommentar auf unserer Website hinterlassen, werden die in das Kommentarformular eingegebenen Daten, aber auch Ihre IP-Adresse und der User-Agent Ihres Browsers erfasst, um uns zu helfen, unerw\u00fcnschte Kommentare zu erkennen. Eine anonymisierte Zeichenfolge, die aus Ihrer E-Mail-Adresse erstellt &hellip; Impressum Weiterlesen &raquo;\" \/>\n<meta property=\"og:url\" content=\"https:\/\/transimark.com\/de\/impressum\/\" \/>\n<meta property=\"og:site_name\" content=\"Transi-Mark\" \/>\n<meta property=\"article:modified_time\" content=\"2022-06-20T04:56:49+00:00\" \/>\n<meta name=\"twitter:card\" content=\"summary_large_image\" \/>\n<meta name=\"twitter:label1\" content=\"Gesch\u00e4tzte Lesezeit\" \/>\n\t<meta name=\"twitter:data1\" content=\"3\u00a0Minuten\" \/>\n<script type=\"application\/ld+json\" class=\"yoast-schema-graph\">{\"@context\":\"https:\/\/schema.org\",\"@graph\":[{\"@type\":\"Organization\",\"@id\":\"https:\/\/transimark.com\/de\/#organization\",\"name\":\"MARQUAT GENIE BIOMEDICAL\",\"url\":\"https:\/\/transimark.com\/de\/\",\"sameAs\":[\"https:\/\/www.linkedin.com\/company\/marquat-genie-biomedical\/\"],\"logo\":{\"@type\":\"ImageObject\",\"inLanguage\":\"de\",\"@id\":\"https:\/\/transimark.com\/de\/#\/schema\/logo\/image\/\",\"url\":\"https:\/\/transimark.com\/wp-content\/uploads\/2022\/06\/logo-marquat-web.jpg\",\"contentUrl\":\"https:\/\/transimark.com\/wp-content\/uploads\/2022\/06\/logo-marquat-web.jpg\",\"width\":400,\"height\":400,\"caption\":\"MARQUAT GENIE BIOMEDICAL\"},\"image\":{\"@id\":\"https:\/\/transimark.com\/de\/#\/schema\/logo\/image\/\"}},{\"@type\":\"WebSite\",\"@id\":\"https:\/\/transimark.com\/de\/#website\",\"url\":\"https:\/\/transimark.com\/de\/\",\"name\":\"Transi-Mark\",\"description\":\"Marqueurs radio-opaques\",\"publisher\":{\"@id\":\"https:\/\/transimark.com\/de\/#organization\"},\"potentialAction\":[{\"@type\":\"SearchAction\",\"target\":{\"@type\":\"EntryPoint\",\"urlTemplate\":\"https:\/\/transimark.com\/de\/?s={search_term_string}\"},\"query-input\":\"required name=search_term_string\"}],\"inLanguage\":\"de\"},{\"@type\":\"WebPage\",\"@id\":\"https:\/\/transimark.com\/de\/impressum\/#webpage\",\"url\":\"https:\/\/transimark.com\/de\/impressum\/\",\"name\":\"Impressum - Transi-Mark\",\"isPartOf\":{\"@id\":\"https:\/\/transimark.com\/de\/#website\"},\"datePublished\":\"2020-06-18T15:40:21+00:00\",\"dateModified\":\"2022-06-20T04:56:49+00:00\",\"breadcrumb\":{\"@id\":\"https:\/\/transimark.com\/de\/impressum\/#breadcrumb\"},\"inLanguage\":\"de\",\"potentialAction\":[{\"@type\":\"ReadAction\",\"target\":[\"https:\/\/transimark.com\/de\/impressum\/\"]}]},{\"@type\":\"BreadcrumbList\",\"@id\":\"https:\/\/transimark.com\/de\/impressum\/#breadcrumb\",\"itemListElement\":[{\"@type\":\"ListItem\",\"position\":1,\"name\":\"Accueil\",\"item\":\"https:\/\/transimark.com\/de\/pack\/\"},{\"@type\":\"ListItem\",\"position\":2,\"name\":\"Impressum\"}]}]}<\/script>\n<!-- \/ Yoast SEO plugin. -->","yoast_head_json":{"title":"Impressum - Transi-Mark","robots":{"index":"index","follow":"follow","max-snippet":"max-snippet:-1","max-image-preview":"max-image-preview:large","max-video-preview":"max-video-preview:-1"},"canonical":"https:\/\/transimark.com\/de\/impressum\/","og_locale":"de_DE","og_type":"article","og_title":"Impressum - Transi-Mark","og_description":"Wer sind wir ? Unsere Website-Adresse lautet: https:\/\/transimark.com. Verwendung der erhobenen personenbezogenen Daten Bemerkungen Wenn Sie einen Kommentar auf unserer Website hinterlassen, werden die in das Kommentarformular eingegebenen Daten, aber auch Ihre IP-Adresse und der User-Agent Ihres Browsers erfasst, um uns zu helfen, unerw\u00fcnschte Kommentare zu erkennen. Eine anonymisierte Zeichenfolge, die aus Ihrer E-Mail-Adresse erstellt &hellip; Impressum Weiterlesen &raquo;","og_url":"https:\/\/transimark.com\/de\/impressum\/","og_site_name":"Transi-Mark","article_modified_time":"2022-06-20T04:56:49+00:00","twitter_card":"summary_large_image","twitter_misc":{"Gesch\u00e4tzte Lesezeit":"3\u00a0Minuten"},"schema":{"@context":"https:\/\/schema.org","@graph":[{"@type":"Organization","@id":"https:\/\/transimark.com\/de\/#organization","name":"MARQUAT GENIE BIOMEDICAL","url":"https:\/\/transimark.com\/de\/","sameAs":["https:\/\/www.linkedin.com\/company\/marquat-genie-biomedical\/"],"logo":{"@type":"ImageObject","inLanguage":"de","@id":"https:\/\/transimark.com\/de\/#\/schema\/logo\/image\/","url":"https:\/\/transimark.com\/wp-content\/uploads\/2022\/06\/logo-marquat-web.jpg","contentUrl":"https:\/\/transimark.com\/wp-content\/uploads\/2022\/06\/logo-marquat-web.jpg","width":400,"height":400,"caption":"MARQUAT GENIE BIOMEDICAL"},"image":{"@id":"https:\/\/transimark.com\/de\/#\/schema\/logo\/image\/"}},{"@type":"WebSite","@id":"https:\/\/transimark.com\/de\/#website","url":"https:\/\/transimark.com\/de\/","name":"Transi-Mark","description":"Marqueurs radio-opaques","publisher":{"@id":"https:\/\/transimark.com\/de\/#organization"},"potentialAction":[{"@type":"SearchAction","target":{"@type":"EntryPoint","urlTemplate":"https:\/\/transimark.com\/de\/?s={search_term_string}"},"query-input":"required name=search_term_string"}],"inLanguage":"de"},{"@type":"WebPage","@id":"https:\/\/transimark.com\/de\/impressum\/#webpage","url":"https:\/\/transimark.com\/de\/impressum\/","name":"Impressum - Transi-Mark","isPartOf":{"@id":"https:\/\/transimark.com\/de\/#website"},"datePublished":"2020-06-18T15:40:21+00:00","dateModified":"2022-06-20T04:56:49+00:00","breadcrumb":{"@id":"https:\/\/transimark.com\/de\/impressum\/#breadcrumb"},"inLanguage":"de","potentialAction":[{"@type":"ReadAction","target":["https:\/\/transimark.com\/de\/impressum\/"]}]},{"@type":"BreadcrumbList","@id":"https:\/\/transimark.com\/de\/impressum\/#breadcrumb","itemListElement":[{"@type":"ListItem","position":1,"name":"Accueil","item":"https:\/\/transimark.com\/de\/pack\/"},{"@type":"ListItem","position":2,"name":"Impressum"}]}]}},"_links":{"self":[{"href":"https:\/\/transimark.com\/de\/wp-json\/wp\/v2\/pages\/893","targetHints":{"allow":["GET"]}}],"collection":[{"href":"https:\/\/transimark.com\/de\/wp-json\/wp\/v2\/pages"}],"about":[{"href":"https:\/\/transimark.com\/de\/wp-json\/wp\/v2\/types\/page"}],"author":[{"embeddable":true,"href":"https:\/\/transimark.com\/de\/wp-json\/wp\/v2\/users\/1"}],"replies":[{"embeddable":true,"href":"https:\/\/transimark.com\/de\/wp-json\/wp\/v2\/comments?post=893"}],"version-history":[{"count":1,"href":"https:\/\/transimark.com\/de\/wp-json\/wp\/v2\/pages\/893\/revisions"}],"predecessor-version":[{"id":910,"href":"https:\/\/transimark.com\/de\/wp-json\/wp\/v2\/pages\/893\/revisions\/910"}],"wp:attachment":[{"href":"https:\/\/transimark.com\/de\/wp-json\/wp\/v2\/media?parent=893"}],"curies":[{"name":"wp","href":"https:\/\/api.w.org\/{rel}","templated":true}]}}