{"id":810,"date":"2020-06-18T17:40:21","date_gmt":"2020-06-18T15:40:21","guid":{"rendered":"https:\/\/transimark.com\/notas-legales\/"},"modified":"2022-06-20T06:56:49","modified_gmt":"2022-06-20T04:56:49","slug":"notas-legales","status":"publish","type":"page","link":"https:\/\/transimark.com\/es\/notas-legales\/","title":{"rendered":"Notas legales"},"content":{"rendered":"\n<h2 class=\"wp-block-heading\">Qui\u00e9nes somos ?<\/h2>\n\n<p>La direcci\u00f3n de nuestro sitio web es: https:\/\/transimark.com.<\/p>\n\n<h2 class=\"wp-block-heading\">Uso de los datos personales recopilados<\/h2>\n\n<h3 class=\"wp-block-heading\">Comentarios<\/h3>\n\n<p>Cuando deja un comentario en nuestro sitio web, los datos ingresados en el formulario de comentarios, pero tambi\u00e9n su direcci\u00f3n IP y el agente de usuario de su navegador se recopilan para ayudarnos a detectar comentarios no deseados.<\/p>\n\n<p>Se puede enviar una cadena an\u00f3nima creada a partir de su direcci\u00f3n de correo electr\u00f3nico (tambi\u00e9n llamada hash) al servicio Gravatar para verificar si la est\u00e1 utilizando. Las cl\u00e1usulas de confidencialidad del servicio Gravatar est\u00e1n disponibles aqu\u00ed: https:\/\/automattic.com\/privacy\/. Despu\u00e9s de la validaci\u00f3n de su comentario, su foto de perfil ser\u00e1 visible p\u00fablicamente junto a su comentario.<\/p>\n\n<h3 class=\"wp-block-heading\">Medios de comunicaci\u00f3n<\/h3>\n\n<p>Si es un usuario registrado y sube im\u00e1genes al sitio web, le recomendamos que evite cargar im\u00e1genes que contengan datos de coordenadas GPS EXIF. Los visitantes de su sitio web pueden descargar y extraer datos de ubicaci\u00f3n de estas im\u00e1genes.<\/p>\n\n<h3 class=\"wp-block-heading\">formularios de contacto<\/h3>\n\n<h3 class=\"wp-block-heading\">Galletas<\/h3>\n\n<p>Si deja un comentario en nuestro sitio, se le ofrecer\u00e1 guardar su nombre, direcci\u00f3n de correo electr\u00f3nico y sitio web en cookies. Esto es solo para su comodidad para que no tenga que ingresar esta informaci\u00f3n si deja otro comentario m\u00e1s adelante. Estas cookies expiran despu\u00e9s de un a\u00f1o.<\/p>\n\n<p>Si tiene una cuenta y se conecta a este sitio, se crear\u00e1 una cookie temporal para determinar si su navegador acepta cookies. No contiene datos personales y se eliminar\u00e1 autom\u00e1ticamente cuando cierre su navegador.<\/p>\n\n<p>Cuando inicie sesi\u00f3n, configuraremos una serie de cookies para guardar sus datos de inicio de sesi\u00f3n y preferencias de pantalla. La duraci\u00f3n de una cookie de conexi\u00f3n es de dos d\u00edas, la de una cookie de opci\u00f3n de pantalla es de un a\u00f1o. Si marca &#8220;Recordarme&#8221;, su cookie de inicio de sesi\u00f3n se mantendr\u00e1 durante dos semanas. Si cierra sesi\u00f3n en su cuenta, la cookie de inicio de sesi\u00f3n se borrar\u00e1.<\/p>\n\n<p>Al editar o publicar una publicaci\u00f3n, se guardar\u00e1 una cookie adicional en su navegador. Esta cookie no incluye ning\u00fan dato personal. Solo muestra el ID de la publicaci\u00f3n que acabas de editar. Caduca despu\u00e9s de un d\u00eda.<\/p>\n\n<h3 class=\"wp-block-heading\">Contenido incrustado de otros sitios<\/h3>\n\n<p>Los art\u00edculos en este sitio pueden incluir contenido incrustado (por ejemplo, videos, im\u00e1genes, art\u00edculos, etc.). El contenido incrustado de otros sitios se comporta de la misma manera que si el visitante viniera a ese otro sitio.<\/p>\n\n<p>Estos sitios web podr\u00edan recopilar datos sobre usted, utilizar cookies, incorporar herramientas de seguimiento de terceros, realizar un seguimiento de sus interacciones con este contenido incrustado si tiene una cuenta conectada a su sitio web.<\/p>\n\n<h3 class=\"wp-block-heading\">Estad\u00edsticas y mediciones de audiencia<\/h3>\n\n<h2 class=\"wp-block-heading\">Uso y transmisi\u00f3n de sus datos personales<\/h2>\n\n<h2 class=\"wp-block-heading\">Tiempos de almacenamiento de sus datos<\/h2>\n\n<p>Si deja un comentario, el comentario y sus metadatos se conservan indefinidamente. Esto reconoce y aprueba autom\u00e1ticamente los comentarios posteriores en lugar de dejarlos en la cola de moderaci\u00f3n.<\/p>\n\n<p>Para los usuarios que se registran en nuestro sitio (si es posible), tambi\u00e9n almacenamos los datos personales indicados en su perfil. Todos los usuarios pueden ver, modificar o eliminar su informaci\u00f3n personal en cualquier momento (excepto su nombre de usuario\u00b7ice). Los administradores del sitio tambi\u00e9n pueden ver y editar esta informaci\u00f3n.<\/p>\n\n<h2 class=\"wp-block-heading\">Los derechos que tienes sobre tus datos<\/h2>\n\n<p>Si tiene una cuenta o ha dejado comentarios en el sitio, puede solicitar recibir un archivo que contenga todos los datos personales que tenemos sobre usted, incluidos los que nos ha proporcionado. Tambi\u00e9n puede solicitar la eliminaci\u00f3n de los datos personales que le conciernen. Esto no tiene en cuenta los datos almacenados por motivos administrativos, legales o de seguridad.<\/p>\n\n<h2 class=\"wp-block-heading\">Transmisi\u00f3n de sus datos personales<\/h2>\n\n<p>Los comentarios de los visitantes puede que los revise un servicio de detecci\u00f3n autom\u00e1tica de spam.<\/p>\n\n<h2 class=\"wp-block-heading\">Informaci\u00f3n del contacto<\/h2>\n\n<h2 class=\"wp-block-heading\">informaciones suplementarias<\/h2>\n\n<h3 class=\"wp-block-heading\">C\u00f3mo protegemos sus datos<\/h3>\n\n<h3 class=\"wp-block-heading\">Procedimientos implementados en caso de fuga de datos<\/h3>\n\n<h3 class=\"wp-block-heading\">Servicios de terceros que nos transmiten datos<\/h3>\n\n<h3 class=\"wp-block-heading\">Operaciones automatizadas de marketing y\/o elaboraci\u00f3n de perfiles realizadas utilizando datos personales<\/h3>\n\n<h3 class=\"wp-block-heading\">Visualizaci\u00f3n de informaci\u00f3n relacionada con sectores sujetos a normativa espec\u00edfica<\/h3>\n","protected":false},"excerpt":{"rendered":"<p>Qui\u00e9nes somos ? La direcci\u00f3n de nuestro sitio web es: https:\/\/transimark.com. Uso de los datos personales recopilados Comentarios Cuando deja un comentario en nuestro sitio web, los datos ingresados en el formulario de comentarios, pero tambi\u00e9n su direcci\u00f3n IP y el agente de usuario de su navegador se recopilan para ayudarnos a detectar comentarios no &hellip;<\/p>\n<p class=\"read-more\"> <a class=\"\" href=\"https:\/\/transimark.com\/es\/notas-legales\/\"> <span class=\"screen-reader-text\">Notas legales<\/span> Leer m\u00e1s &raquo;<\/a><\/p>\n","protected":false},"author":1,"featured_media":0,"parent":0,"menu_order":12,"comment_status":"closed","ping_status":"closed","template":"","meta":{"site-sidebar-layout":"no-sidebar","site-content-layout":"plain-container","ast-global-header-display":"","ast-main-header-display":"disabled","ast-hfb-above-header-display":"","ast-hfb-below-header-display":"","ast-hfb-mobile-header-display":"","site-post-title":"disabled","ast-breadcrumbs-content":"disabled","ast-featured-img":"disabled","footer-sml-layout":"disabled","theme-transparent-header-meta":"default","adv-header-id-meta":"","stick-header-meta":"","header-above-stick-meta":"","header-main-stick-meta":"","header-below-stick-meta":"","footnotes":""},"class_list":["post-810","page","type-page","status-publish","hentry"],"yoast_head":"<!-- This site is optimized with the Yoast SEO plugin v19.1 - https:\/\/yoast.com\/wordpress\/plugins\/seo\/ -->\n<title>Notas legales - Transi-Mark<\/title>\n<meta name=\"robots\" content=\"index, follow, max-snippet:-1, max-image-preview:large, max-video-preview:-1\" \/>\n<link rel=\"canonical\" href=\"https:\/\/transimark.com\/es\/notas-legales\/\" \/>\n<meta property=\"og:locale\" content=\"es_ES\" \/>\n<meta property=\"og:type\" content=\"article\" \/>\n<meta property=\"og:title\" content=\"Notas legales - Transi-Mark\" \/>\n<meta property=\"og:description\" content=\"Qui\u00e9nes somos ? La direcci\u00f3n de nuestro sitio web es: https:\/\/transimark.com. Uso de los datos personales recopilados Comentarios Cuando deja un comentario en nuestro sitio web, los datos ingresados en el formulario de comentarios, pero tambi\u00e9n su direcci\u00f3n IP y el agente de usuario de su navegador se recopilan para ayudarnos a detectar comentarios no &hellip; Notas legales Leer m\u00e1s &raquo;\" \/>\n<meta property=\"og:url\" content=\"https:\/\/transimark.com\/es\/notas-legales\/\" \/>\n<meta property=\"og:site_name\" content=\"Transi-Mark\" \/>\n<meta property=\"article:modified_time\" content=\"2022-06-20T04:56:49+00:00\" \/>\n<meta name=\"twitter:card\" content=\"summary_large_image\" \/>\n<meta name=\"twitter:label1\" content=\"Tiempo de lectura\" \/>\n\t<meta name=\"twitter:data1\" content=\"4 minutos\" \/>\n<script type=\"application\/ld+json\" class=\"yoast-schema-graph\">{\"@context\":\"https:\/\/schema.org\",\"@graph\":[{\"@type\":\"Organization\",\"@id\":\"https:\/\/transimark.com\/es\/#organization\",\"name\":\"MARQUAT GENIE BIOMEDICAL\",\"url\":\"https:\/\/transimark.com\/es\/\",\"sameAs\":[\"https:\/\/www.linkedin.com\/company\/marquat-genie-biomedical\/\"],\"logo\":{\"@type\":\"ImageObject\",\"inLanguage\":\"es\",\"@id\":\"https:\/\/transimark.com\/es\/#\/schema\/logo\/image\/\",\"url\":\"https:\/\/transimark.com\/wp-content\/uploads\/2022\/06\/logo-marquat-web.jpg\",\"contentUrl\":\"https:\/\/transimark.com\/wp-content\/uploads\/2022\/06\/logo-marquat-web.jpg\",\"width\":400,\"height\":400,\"caption\":\"MARQUAT GENIE BIOMEDICAL\"},\"image\":{\"@id\":\"https:\/\/transimark.com\/es\/#\/schema\/logo\/image\/\"}},{\"@type\":\"WebSite\",\"@id\":\"https:\/\/transimark.com\/es\/#website\",\"url\":\"https:\/\/transimark.com\/es\/\",\"name\":\"Transi-Mark\",\"description\":\"Marqueurs radio-opaques\",\"publisher\":{\"@id\":\"https:\/\/transimark.com\/es\/#organization\"},\"potentialAction\":[{\"@type\":\"SearchAction\",\"target\":{\"@type\":\"EntryPoint\",\"urlTemplate\":\"https:\/\/transimark.com\/es\/?s={search_term_string}\"},\"query-input\":\"required name=search_term_string\"}],\"inLanguage\":\"es\"},{\"@type\":\"WebPage\",\"@id\":\"https:\/\/transimark.com\/es\/notas-legales\/#webpage\",\"url\":\"https:\/\/transimark.com\/es\/notas-legales\/\",\"name\":\"Notas legales - Transi-Mark\",\"isPartOf\":{\"@id\":\"https:\/\/transimark.com\/es\/#website\"},\"datePublished\":\"2020-06-18T15:40:21+00:00\",\"dateModified\":\"2022-06-20T04:56:49+00:00\",\"breadcrumb\":{\"@id\":\"https:\/\/transimark.com\/es\/notas-legales\/#breadcrumb\"},\"inLanguage\":\"es\",\"potentialAction\":[{\"@type\":\"ReadAction\",\"target\":[\"https:\/\/transimark.com\/es\/notas-legales\/\"]}]},{\"@type\":\"BreadcrumbList\",\"@id\":\"https:\/\/transimark.com\/es\/notas-legales\/#breadcrumb\",\"itemListElement\":[{\"@type\":\"ListItem\",\"position\":1,\"name\":\"Accueil\",\"item\":\"https:\/\/transimark.com\/es\/paquete\/\"},{\"@type\":\"ListItem\",\"position\":2,\"name\":\"Notas legales\"}]}]}<\/script>\n<!-- \/ Yoast SEO plugin. -->","yoast_head_json":{"title":"Notas legales - Transi-Mark","robots":{"index":"index","follow":"follow","max-snippet":"max-snippet:-1","max-image-preview":"max-image-preview:large","max-video-preview":"max-video-preview:-1"},"canonical":"https:\/\/transimark.com\/es\/notas-legales\/","og_locale":"es_ES","og_type":"article","og_title":"Notas legales - Transi-Mark","og_description":"Qui\u00e9nes somos ? La direcci\u00f3n de nuestro sitio web es: https:\/\/transimark.com. Uso de los datos personales recopilados Comentarios Cuando deja un comentario en nuestro sitio web, los datos ingresados en el formulario de comentarios, pero tambi\u00e9n su direcci\u00f3n IP y el agente de usuario de su navegador se recopilan para ayudarnos a detectar comentarios no &hellip; Notas legales Leer m\u00e1s &raquo;","og_url":"https:\/\/transimark.com\/es\/notas-legales\/","og_site_name":"Transi-Mark","article_modified_time":"2022-06-20T04:56:49+00:00","twitter_card":"summary_large_image","twitter_misc":{"Tiempo de lectura":"4 minutos"},"schema":{"@context":"https:\/\/schema.org","@graph":[{"@type":"Organization","@id":"https:\/\/transimark.com\/es\/#organization","name":"MARQUAT GENIE BIOMEDICAL","url":"https:\/\/transimark.com\/es\/","sameAs":["https:\/\/www.linkedin.com\/company\/marquat-genie-biomedical\/"],"logo":{"@type":"ImageObject","inLanguage":"es","@id":"https:\/\/transimark.com\/es\/#\/schema\/logo\/image\/","url":"https:\/\/transimark.com\/wp-content\/uploads\/2022\/06\/logo-marquat-web.jpg","contentUrl":"https:\/\/transimark.com\/wp-content\/uploads\/2022\/06\/logo-marquat-web.jpg","width":400,"height":400,"caption":"MARQUAT GENIE BIOMEDICAL"},"image":{"@id":"https:\/\/transimark.com\/es\/#\/schema\/logo\/image\/"}},{"@type":"WebSite","@id":"https:\/\/transimark.com\/es\/#website","url":"https:\/\/transimark.com\/es\/","name":"Transi-Mark","description":"Marqueurs radio-opaques","publisher":{"@id":"https:\/\/transimark.com\/es\/#organization"},"potentialAction":[{"@type":"SearchAction","target":{"@type":"EntryPoint","urlTemplate":"https:\/\/transimark.com\/es\/?s={search_term_string}"},"query-input":"required name=search_term_string"}],"inLanguage":"es"},{"@type":"WebPage","@id":"https:\/\/transimark.com\/es\/notas-legales\/#webpage","url":"https:\/\/transimark.com\/es\/notas-legales\/","name":"Notas legales - Transi-Mark","isPartOf":{"@id":"https:\/\/transimark.com\/es\/#website"},"datePublished":"2020-06-18T15:40:21+00:00","dateModified":"2022-06-20T04:56:49+00:00","breadcrumb":{"@id":"https:\/\/transimark.com\/es\/notas-legales\/#breadcrumb"},"inLanguage":"es","potentialAction":[{"@type":"ReadAction","target":["https:\/\/transimark.com\/es\/notas-legales\/"]}]},{"@type":"BreadcrumbList","@id":"https:\/\/transimark.com\/es\/notas-legales\/#breadcrumb","itemListElement":[{"@type":"ListItem","position":1,"name":"Accueil","item":"https:\/\/transimark.com\/es\/paquete\/"},{"@type":"ListItem","position":2,"name":"Notas legales"}]}]}},"_links":{"self":[{"href":"https:\/\/transimark.com\/es\/wp-json\/wp\/v2\/pages\/810","targetHints":{"allow":["GET"]}}],"collection":[{"href":"https:\/\/transimark.com\/es\/wp-json\/wp\/v2\/pages"}],"about":[{"href":"https:\/\/transimark.com\/es\/wp-json\/wp\/v2\/types\/page"}],"author":[{"embeddable":true,"href":"https:\/\/transimark.com\/es\/wp-json\/wp\/v2\/users\/1"}],"replies":[{"embeddable":true,"href":"https:\/\/transimark.com\/es\/wp-json\/wp\/v2\/comments?post=810"}],"version-history":[{"count":1,"href":"https:\/\/transimark.com\/es\/wp-json\/wp\/v2\/pages\/810\/revisions"}],"predecessor-version":[{"id":818,"href":"https:\/\/transimark.com\/es\/wp-json\/wp\/v2\/pages\/810\/revisions\/818"}],"wp:attachment":[{"href":"https:\/\/transimark.com\/es\/wp-json\/wp\/v2\/media?parent=810"}],"curies":[{"name":"wp","href":"https:\/\/api.w.org\/{rel}","templated":true}]}}