{"id":829,"date":"2020-07-04T14:43:14","date_gmt":"2020-07-04T12:43:14","guid":{"rendered":"http:\/\/transimark.com\/chi-siamo-noi\/"},"modified":"2022-06-23T11:17:16","modified_gmt":"2022-06-23T09:17:16","slug":"chi-siamo-noi","status":"publish","type":"page","link":"http:\/\/transimark.com\/it\/chi-siamo-noi\/","title":{"rendered":"Chi siamo noi ?"},"content":{"rendered":"\t\t<div data-elementor-type=\"wp-page\" data-elementor-id=\"829\" class=\"elementor elementor-829 elementor-142\">\n\t\t\t\t\t\t<div class=\"elementor-inner\">\n\t\t\t\t<div class=\"elementor-section-wrap\">\n\t\t\t\t\t\t\t\t\t<section class=\"elementor-section elementor-top-section elementor-element elementor-element-5d9857ca envato-kit-141-top-0 elementor-section-boxed ang-section-padding-initial elementor-section-height-default elementor-section-height-default\" data-id=\"5d9857ca\" data-element_type=\"section\" data-settings=\"{&quot;background_background&quot;:&quot;classic&quot;}\">\n\t\t\t\t\t\t\t<div class=\"elementor-background-overlay\"><\/div>\n\t\t\t\t\t\t\t<div class=\"elementor-container elementor-column-gap-wider\">\n\t\t\t\t\t\t\t<div class=\"elementor-row\">\n\t\t\t\t\t<div class=\"elementor-column elementor-col-50 elementor-top-column elementor-element elementor-element-57fc0527\" data-id=\"57fc0527\" data-element_type=\"column\">\n\t\t\t<div class=\"elementor-column-wrap elementor-element-populated\">\n\t\t\t\t\t\t\t<div class=\"elementor-widget-wrap\">\n\t\t\t\t\t\t<div class=\"elementor-element elementor-element-901a85d animated-fast elementor-invisible elementor-widget elementor-widget-heading\" data-id=\"901a85d\" data-element_type=\"widget\" data-settings=\"{&quot;_animation&quot;:&quot;fadeInUp&quot;,&quot;_animation_delay&quot;:300}\" data-widget_type=\"heading.default\">\n\t\t\t\t<div class=\"elementor-widget-container\">\n\t\t\t<h2 class=\"elementor-heading-title elementor-size-default\">100 anni di esperienza<\/h2>\t\t<\/div>\n\t\t\t\t<\/div>\n\t\t\t\t<div class=\"elementor-element elementor-element-2f0c43f animated-fast elementor-invisible elementor-widget elementor-widget-heading\" data-id=\"2f0c43f\" data-element_type=\"widget\" data-settings=\"{&quot;_animation&quot;:&quot;fadeInUp&quot;,&quot;_animation_delay&quot;:300}\" data-widget_type=\"heading.default\">\n\t\t\t\t<div class=\"elementor-widget-container\">\n\t\t\t<h2 class=\"elementor-heading-title elementor-size-default\">al servizio degli operatori sanitari<\/h2>\t\t<\/div>\n\t\t\t\t<\/div>\n\t\t\t\t<div class=\"elementor-element elementor-element-7171558 elementor-widget elementor-widget-spacer\" data-id=\"7171558\" data-element_type=\"widget\" data-widget_type=\"spacer.default\">\n\t\t\t\t<div class=\"elementor-widget-container\">\n\t\t\t\t\t<div class=\"elementor-spacer\">\n\t\t\t<div class=\"elementor-spacer-inner\"><\/div>\n\t\t<\/div>\n\t\t\t\t<\/div>\n\t\t\t\t<\/div>\n\t\t\t\t<div class=\"elementor-element elementor-element-52b27f9 elementor-widget elementor-widget-image\" data-id=\"52b27f9\" data-element_type=\"widget\" data-widget_type=\"image.default\">\n\t\t\t\t<div class=\"elementor-widget-container\">\n\t\t\t\t\t\t\t\t<div class=\"elementor-image\">\n\t\t\t\t\t\t\t\t\t\t\t\t\t<a href=\"http:\/\/marquat.com\/\">\n\t\t\t\t\t\t\t<img width=\"592\" height=\"477\" src=\"http:\/\/transimark.com\/wp-content\/uploads\/2020\/07\/logo-marquat-web.png\" class=\"attachment-full size-full\" alt=\"\" loading=\"lazy\" srcset=\"http:\/\/transimark.com\/wp-content\/uploads\/2020\/07\/logo-marquat-web.png 592w, http:\/\/transimark.com\/wp-content\/uploads\/2020\/07\/logo-marquat-web-300x242.png 300w\" sizes=\"(max-width: 592px) 100vw, 592px\" \/>\t\t\t\t\t\t\t\t<\/a>\n\t\t\t\t\t\t\t\t\t\t\t\t\t\t<\/div>\n\t\t\t\t\t\t<\/div>\n\t\t\t\t<\/div>\n\t\t\t\t\t\t<\/div>\n\t\t\t\t\t<\/div>\n\t\t<\/div>\n\t\t\t\t<div class=\"elementor-column elementor-col-50 elementor-top-column elementor-element elementor-element-4157d6cf\" data-id=\"4157d6cf\" data-element_type=\"column\">\n\t\t\t<div class=\"elementor-column-wrap elementor-element-populated\">\n\t\t\t\t\t\t\t<div class=\"elementor-widget-wrap\">\n\t\t\t\t\t\t<div class=\"elementor-element elementor-element-10e0d75 animated-fast elementor-invisible elementor-widget elementor-widget-text-editor\" data-id=\"10e0d75\" data-element_type=\"widget\" data-settings=\"{&quot;_animation&quot;:&quot;fadeIn&quot;,&quot;_animation_delay&quot;:500}\" data-widget_type=\"text-editor.default\">\n\t\t\t\t<div class=\"elementor-widget-container\">\n\t\t\t\t\t\t\t\t<div class=\"elementor-text-editor elementor-clearfix\">\n\t\t\t\tFondata nel 1884 e con sede vicino a Parigi, Francia, Marquat Genie Biomedical porta da oltre un secolo la sua esperienza nella cateterizzazione per uso medico nei laboratori di ricerca e sviluppando modelli per le esigenze specifiche dei suoi clienti.\t\t\t\t\t<\/div>\n\t\t\t\t\t\t<\/div>\n\t\t\t\t<\/div>\n\t\t\t\t<div class=\"elementor-element elementor-element-5ef671da elementor-widget elementor-widget-text-editor\" data-id=\"5ef671da\" data-element_type=\"widget\" data-widget_type=\"text-editor.default\">\n\t\t\t\t<div class=\"elementor-widget-container\">\n\t\t\t\t\t\t\t\t<div class=\"elementor-text-editor elementor-clearfix\">\n\t\t\t\tMarquat G\u00e9nie Biom\u00e9dical \u00e8 il collegamento tra le nuove esigenze e le moderne tecniche di indagine e misurazione, sapendo progettare, produrre e migliorare tutti i tipi di cateteri: nel campo della diagnosi, sonde multilume, con o senza palloncino e per tutti i tipi di misurazione della pressione.\n<br><br>\nIl nostro know-how acquisito attraverso la nostra vicinanza e collaborazione con i professionisti pi\u00f9 esigenti ci consente di sviluppare rapidamente prodotti specifici per le esigenze del medico e del paziente.\t\t\t\t\t<\/div>\n\t\t\t\t\t\t<\/div>\n\t\t\t\t<\/div>\n\t\t\t\t<section class=\"elementor-section elementor-inner-section elementor-element elementor-element-3914eb5a elementor-section-boxed ang-section-padding-initial elementor-section-height-default elementor-section-height-default elementor-invisible\" data-id=\"3914eb5a\" data-element_type=\"section\" data-settings=\"{&quot;animation&quot;:&quot;fadeIn&quot;,&quot;animation_delay&quot;:400}\">\n\t\t\t\t\t\t<div class=\"elementor-container elementor-column-gap-no\">\n\t\t\t\t\t\t\t<div class=\"elementor-row\">\n\t\t\t\t\t<div class=\"elementor-column elementor-col-50 elementor-inner-column elementor-element elementor-element-4281cc19\" data-id=\"4281cc19\" data-element_type=\"column\">\n\t\t\t<div class=\"elementor-column-wrap elementor-element-populated\">\n\t\t\t\t\t\t\t<div class=\"elementor-widget-wrap\">\n\t\t\t\t\t\t<div class=\"elementor-element elementor-element-62492b73 elementor-widget elementor-widget-heading\" data-id=\"62492b73\" data-element_type=\"widget\" data-widget_type=\"heading.default\">\n\t\t\t\t<div class=\"elementor-widget-container\">\n\t\t\t<h2 class=\"elementor-heading-title elementor-size-default\">Incarico<\/h2>\t\t<\/div>\n\t\t\t\t<\/div>\n\t\t\t\t<div class=\"elementor-element elementor-element-6c312cb0 elementor-widget elementor-widget-text-editor\" data-id=\"6c312cb0\" data-element_type=\"widget\" data-widget_type=\"text-editor.default\">\n\t\t\t\t<div class=\"elementor-widget-container\">\n\t\t\t\t\t\t\t\t<div class=\"elementor-text-editor elementor-clearfix\">\n\t\t\t\tPartner della ricerca medica, mettiamo la nostra esperienza al servizio dei nostri clienti per sviluppare prodotti all&#8217;avanguardia nell&#8217;innovazione che soddisfino le loro specifiche esigenze.\t\t\t\t\t<\/div>\n\t\t\t\t\t\t<\/div>\n\t\t\t\t<\/div>\n\t\t\t\t\t\t<\/div>\n\t\t\t\t\t<\/div>\n\t\t<\/div>\n\t\t\t\t<div class=\"elementor-column elementor-col-50 elementor-inner-column elementor-element elementor-element-7aa352b0\" data-id=\"7aa352b0\" data-element_type=\"column\">\n\t\t\t<div class=\"elementor-column-wrap elementor-element-populated\">\n\t\t\t\t\t\t\t<div class=\"elementor-widget-wrap\">\n\t\t\t\t\t\t<div class=\"elementor-element elementor-element-57153293 elementor-widget elementor-widget-heading\" data-id=\"57153293\" data-element_type=\"widget\" data-widget_type=\"heading.default\">\n\t\t\t\t<div class=\"elementor-widget-container\">\n\t\t\t<h2 class=\"elementor-heading-title elementor-size-default\">Visione<\/h2>\t\t<\/div>\n\t\t\t\t<\/div>\n\t\t\t\t<div class=\"elementor-element elementor-element-4d8a7487 elementor-widget elementor-widget-text-editor\" data-id=\"4d8a7487\" data-element_type=\"widget\" data-widget_type=\"text-editor.default\">\n\t\t\t\t<div class=\"elementor-widget-container\">\n\t\t\t\t\t\t\t\t<div class=\"elementor-text-editor elementor-clearfix\">\n\t\t\t\tIl nostro servizio clienti \u00e8 mobilitato per rispondere il pi\u00f9 rapidamente possibile alle richieste dei nostri clienti e consegnarle il prima possibile. I nostri tempi di consegna sono dalle 24 alle 48 ore.\t\t\t\t\t<\/div>\n\t\t\t\t\t\t<\/div>\n\t\t\t\t<\/div>\n\t\t\t\t\t\t<\/div>\n\t\t\t\t\t<\/div>\n\t\t<\/div>\n\t\t\t\t\t\t\t\t<\/div>\n\t\t\t\t\t<\/div>\n\t\t<\/section>\n\t\t\t\t\t\t<\/div>\n\t\t\t\t\t<\/div>\n\t\t<\/div>\n\t\t\t\t\t\t\t\t<\/div>\n\t\t\t\t\t<\/div>\n\t\t<\/section>\n\t\t\t\t<section class=\"elementor-section elementor-top-section elementor-element elementor-element-7781afa elementor-section-content-middle elementor-section-boxed ang-section-padding-initial elementor-section-height-default elementor-section-height-default\" data-id=\"7781afa\" data-element_type=\"section\" data-settings=\"{&quot;background_background&quot;:&quot;classic&quot;}\">\n\t\t\t\t\t\t\t<div class=\"elementor-background-overlay\"><\/div>\n\t\t\t\t\t\t\t<div class=\"elementor-container elementor-column-gap-no\">\n\t\t\t\t\t\t\t<div class=\"elementor-row\">\n\t\t\t\t\t<div class=\"elementor-column elementor-col-50 elementor-top-column elementor-element elementor-element-604e979\" data-id=\"604e979\" data-element_type=\"column\">\n\t\t\t<div class=\"elementor-column-wrap elementor-element-populated\">\n\t\t\t\t\t\t\t<div class=\"elementor-widget-wrap\">\n\t\t\t\t\t\t<section class=\"elementor-section elementor-inner-section elementor-element elementor-element-06e7622 elementor-section-full_width ang-section-padding-initial elementor-section-height-default elementor-section-height-default\" data-id=\"06e7622\" data-element_type=\"section\">\n\t\t\t\t\t\t<div class=\"elementor-container elementor-column-gap-default\">\n\t\t\t\t\t\t\t<div class=\"elementor-row\">\n\t\t\t\t\t<div class=\"elementor-column elementor-col-50 elementor-inner-column elementor-element elementor-element-9a9321f\" data-id=\"9a9321f\" data-element_type=\"column\">\n\t\t\t<div class=\"elementor-column-wrap elementor-element-populated\">\n\t\t\t\t\t\t\t<div class=\"elementor-widget-wrap\">\n\t\t\t\t\t\t<div class=\"elementor-element elementor-element-cba1eea elementor-widget elementor-widget-image\" data-id=\"cba1eea\" data-element_type=\"widget\" data-widget_type=\"image.default\">\n\t\t\t\t<div class=\"elementor-widget-container\">\n\t\t\t\t\t\t\t\t<div class=\"elementor-image\">\n\t\t\t\t\t\t\t\t\t\t\t\t<img width=\"400\" height=\"295\" src=\"http:\/\/transimark.com\/wp-content\/uploads\/2020\/07\/undraw_typing_s.png\" class=\"attachment-full size-full\" alt=\"\" loading=\"lazy\" srcset=\"http:\/\/transimark.com\/wp-content\/uploads\/2020\/07\/undraw_typing_s.png 400w, http:\/\/transimark.com\/wp-content\/uploads\/2020\/07\/undraw_typing_s-300x221.png 300w\" sizes=\"(max-width: 400px) 100vw, 400px\" \/>\t\t\t\t\t\t\t\t\t\t\t\t\t\t<\/div>\n\t\t\t\t\t\t<\/div>\n\t\t\t\t<\/div>\n\t\t\t\t\t\t<\/div>\n\t\t\t\t\t<\/div>\n\t\t<\/div>\n\t\t\t\t<div class=\"elementor-column elementor-col-50 elementor-inner-column elementor-element elementor-element-f7c7614\" data-id=\"f7c7614\" data-element_type=\"column\">\n\t\t\t<div class=\"elementor-column-wrap elementor-element-populated\">\n\t\t\t\t\t\t\t<div class=\"elementor-widget-wrap\">\n\t\t\t\t\t\t<div class=\"elementor-element elementor-element-adb9632 elementor-widget elementor-widget-heading\" data-id=\"adb9632\" data-element_type=\"widget\" data-widget_type=\"heading.default\">\n\t\t\t\t<div class=\"elementor-widget-container\">\n\t\t\t<h4 class=\"elementor-heading-title elementor-size-default\">Sei interessato<\/h4>\t\t<\/div>\n\t\t\t\t<\/div>\n\t\t\t\t<div class=\"elementor-element elementor-element-af86a9e animated-fast elementor-invisible elementor-widget elementor-widget-heading\" data-id=\"af86a9e\" data-element_type=\"widget\" data-settings=\"{&quot;_animation&quot;:&quot;fadeInUp&quot;,&quot;_animation_delay&quot;:300}\" data-widget_type=\"heading.default\">\n\t\t\t\t<div class=\"elementor-widget-container\">\n\t\t\t<h2 class=\"elementor-heading-title elementor-size-default\">Contattaci<\/h2>\t\t<\/div>\n\t\t\t\t<\/div>\n\t\t\t\t<div class=\"elementor-element elementor-element-c4bf158 animated-fast elementor-invisible elementor-widget elementor-widget-text-editor\" data-id=\"c4bf158\" data-element_type=\"widget\" data-settings=\"{&quot;_animation&quot;:&quot;fadeInLeft&quot;,&quot;_animation_delay&quot;:500}\" data-widget_type=\"text-editor.default\">\n\t\t\t\t<div class=\"elementor-widget-container\">\n\t\t\t\t\t\t\t\t<div class=\"elementor-text-editor elementor-clearfix\">\n\t\t\t\t\n          <p>Siamo a tua disposizione per informarti sulle condizioni di utilizzo e aiutarti&#8230;<\/p>\n        \t\t\t\t\t<\/div>\n\t\t\t\t\t\t<\/div>\n\t\t\t\t<\/div>\n\t\t\t\t\t\t<\/div>\n\t\t\t\t\t<\/div>\n\t\t<\/div>\n\t\t\t\t\t\t\t\t<\/div>\n\t\t\t\t\t<\/div>\n\t\t<\/section>\n\t\t\t\t\t\t<\/div>\n\t\t\t\t\t<\/div>\n\t\t<\/div>\n\t\t\t\t<div class=\"elementor-column elementor-col-50 elementor-top-column elementor-element elementor-element-c55dc15\" data-id=\"c55dc15\" data-element_type=\"column\">\n\t\t\t<div class=\"elementor-column-wrap elementor-element-populated\">\n\t\t\t\t\t\t\t<div class=\"elementor-widget-wrap\">\n\t\t\t\t\t\t<div class=\"elementor-element elementor-element-5112fea elementor-button-align-stretch elementor-widget elementor-widget-form\" data-id=\"5112fea\" data-element_type=\"widget\" data-settings=\"{&quot;step_next_label&quot;:&quot;seguente&quot;,&quot;step_previous_label&quot;:&quot;Precedente&quot;,&quot;button_width&quot;:&quot;100&quot;,&quot;step_type&quot;:&quot;number_text&quot;,&quot;step_icon_shape&quot;:&quot;circle&quot;}\" data-widget_type=\"form.default\">\n\t\t\t\t<div class=\"elementor-widget-container\">\n\t\t\t\t\t<form class=\"elementor-form\" method=\"post\" name=\"Nuova forma\">\n\t\t\t<input type=\"hidden\" name=\"post_id\" value=\"829\"\/>\n\t\t\t<input type=\"hidden\" name=\"form_id\" value=\"5112fea\"\/>\n\t\t\t<input type=\"hidden\" name=\"referer_title\" value=\"Transi-Mark\" \/>\n\n\t\t\t\n\t\t\t<div class=\"elementor-form-fields-wrapper elementor-labels-\">\n\t\t\t\t\t\t\t\t<div class=\"elementor-field-type-text elementor-field-group elementor-column elementor-field-group-name elementor-col-50\">\n\t\t\t\t\t\t\t\t\t\t\t\t<label for=\"form-field-name\" class=\"elementor-field-label elementor-screen-only\">\n\t\t\t\t\t\t\t\tNome\t\t\t\t\t\t\t<\/label>\n\t\t\t\t\t\t\t\t\t\t\t\t\t\t<input size=\"1\" type=\"text\" name=\"form_fields[name]\" id=\"form-field-name\" class=\"elementor-field elementor-size-sm  elementor-field-textual\" placeholder=\"Nome\">\n\t\t\t\t\t\t\t\t\t\t\t<\/div>\n\t\t\t\t\t\t\t\t<div class=\"elementor-field-type-text elementor-field-group elementor-column elementor-field-group-field_39ecc4d elementor-col-50\">\n\t\t\t\t\t\t\t\t\t\t\t\t<label for=\"form-field-field_39ecc4d\" class=\"elementor-field-label elementor-screen-only\">\n\t\t\t\t\t\t\t\tNome\t\t\t\t\t\t\t<\/label>\n\t\t\t\t\t\t\t\t\t\t\t\t\t\t<input size=\"1\" type=\"text\" name=\"form_fields[field_39ecc4d]\" id=\"form-field-field_39ecc4d\" class=\"elementor-field elementor-size-sm  elementor-field-textual\" placeholder=\"Nome\">\n\t\t\t\t\t\t\t\t\t\t\t<\/div>\n\t\t\t\t\t\t\t\t<div class=\"elementor-field-type-email elementor-field-group elementor-column elementor-field-group-email elementor-col-50 elementor-field-required\">\n\t\t\t\t\t\t\t\t\t\t\t\t<label for=\"form-field-email\" class=\"elementor-field-label elementor-screen-only\">\n\t\t\t\t\t\t\t\tE-mail\t\t\t\t\t\t\t<\/label>\n\t\t\t\t\t\t\t\t\t\t\t\t\t\t<input size=\"1\" type=\"email\" name=\"form_fields[email]\" id=\"form-field-email\" class=\"elementor-field elementor-size-sm  elementor-field-textual\" placeholder=\"E-mail\" required=\"required\" aria-required=\"true\">\n\t\t\t\t\t\t\t\t\t\t\t<\/div>\n\t\t\t\t\t\t\t\t<div class=\"elementor-field-type-tel elementor-field-group elementor-column elementor-field-group-field_c24393a elementor-col-50 elementor-field-required\">\n\t\t\t\t\t\t\t\t\t\t\t\t<label for=\"form-field-field_c24393a\" class=\"elementor-field-label elementor-screen-only\">\n\t\t\t\t\t\t\t\tTale\t\t\t\t\t\t\t<\/label>\n\t\t\t\t\t\t\t\t<input size=\"1\" type=\"tel\" name=\"form_fields[field_c24393a]\" id=\"form-field-field_c24393a\" class=\"elementor-field elementor-size-sm  elementor-field-textual\" placeholder=\"Telefono\" required=\"required\" aria-required=\"true\" pattern=\"[0-9()#&amp;+*-=.]+\" title=\"Sono accettati solo numeri e caratteri telefonici (#, -, *, ecc.).\">\n\n\t\t\t\t\t\t<\/div>\n\t\t\t\t\t\t\t\t<div class=\"elementor-field-group elementor-column elementor-field-type-submit elementor-col-100 e-form__buttons\">\n\t\t\t\t\t<button type=\"submit\" class=\"elementor-button elementor-size-md\">\n\t\t\t\t\t\t<span >\n\t\t\t\t\t\t\t\t\t\t\t\t\t\t\t<span class=\" elementor-button-icon\">\n\t\t\t\t\t\t\t\t\t\t\t\t\t\t\t\t\t\t\t\t\t\t\t\t\t\t<\/span>\n\t\t\t\t\t\t\t\t\t\t\t\t\t\t\t\t\t\t\t\t\t\t<span class=\"elementor-button-text\">MANDARE<\/span>\n\t\t\t\t\t\t\t\t\t\t\t\t\t<\/span>\n\t\t\t\t\t<\/button>\n\t\t\t\t<\/div>\n\t\t\t<\/div>\n\t\t<\/form>\n\t\t\t\t<\/div>\n\t\t\t\t<\/div>\n\t\t\t\t\t\t<\/div>\n\t\t\t\t\t<\/div>\n\t\t<\/div>\n\t\t\t\t\t\t\t\t<\/div>\n\t\t\t\t\t<\/div>\n\t\t<\/section>\n\t\t\t\t\t\t\t\t\t<\/div>\n\t\t\t<\/div>\n\t\t\t\t\t<\/div>\n\t\t","protected":false},"excerpt":{"rendered":"<p>100 anni di esperienza al servizio degli operatori sanitari Fondata nel 1884 e con sede vicino a Parigi, Francia, Marquat Genie Biomedical porta da oltre un secolo la sua esperienza nella cateterizzazione per uso medico nei laboratori di ricerca e sviluppando modelli per le esigenze specifiche dei suoi clienti.Marquat G\u00e9nie Biom\u00e9dical \u00e8 il collegamento tra &hellip;<\/p>\n<p class=\"read-more\"> <a class=\"\" href=\"http:\/\/transimark.com\/it\/chi-siamo-noi\/\"> <span class=\"screen-reader-text\">Chi siamo noi ?<\/span> Leggi altro &raquo;<\/a><\/p>\n","protected":false},"author":1,"featured_media":0,"parent":0,"menu_order":8,"comment_status":"closed","ping_status":"closed","template":"","meta":{"site-sidebar-layout":"no-sidebar","site-content-layout":"page-builder","ast-global-header-display":"","ast-main-header-display":"disabled","ast-hfb-above-header-display":"","ast-hfb-below-header-display":"","ast-hfb-mobile-header-display":"","site-post-title":"disabled","ast-breadcrumbs-content":"disabled","ast-featured-img":"disabled","footer-sml-layout":"disabled","theme-transparent-header-meta":"default","adv-header-id-meta":"","stick-header-meta":"","header-above-stick-meta":"","header-main-stick-meta":"","header-below-stick-meta":""},"yoast_head":"<!-- This site is optimized with the Yoast SEO plugin v19.1 - https:\/\/yoast.com\/wordpress\/plugins\/seo\/ -->\n<title>Chi siamo noi ? - Transi-Mark<\/title>\n<meta name=\"robots\" content=\"index, follow, max-snippet:-1, max-image-preview:large, max-video-preview:-1\" \/>\n<link rel=\"canonical\" href=\"http:\/\/transimark.com\/it\/chi-siamo-noi\/\" \/>\n<meta property=\"og:locale\" content=\"it_IT\" \/>\n<meta property=\"og:type\" content=\"article\" \/>\n<meta property=\"og:title\" content=\"Chi siamo noi ? - Transi-Mark\" \/>\n<meta property=\"og:description\" content=\"100 anni di esperienza al servizio degli operatori sanitari Fondata nel 1884 e con sede vicino a Parigi, Francia, Marquat Genie Biomedical porta da oltre un secolo la sua esperienza nella cateterizzazione per uso medico nei laboratori di ricerca e sviluppando modelli per le esigenze specifiche dei suoi clienti.Marquat G\u00e9nie Biom\u00e9dical \u00e8 il collegamento tra &hellip; Chi siamo noi ? Leggi altro &raquo;\" \/>\n<meta property=\"og:url\" content=\"http:\/\/transimark.com\/it\/chi-siamo-noi\/\" \/>\n<meta property=\"og:site_name\" content=\"Transi-Mark\" \/>\n<meta property=\"article:modified_time\" content=\"2022-06-23T09:17:16+00:00\" \/>\n<meta property=\"og:image\" content=\"http:\/\/transimark.com\/wp-content\/uploads\/2020\/07\/logo-marquat-web.png\" \/>\n<meta name=\"twitter:card\" content=\"summary_large_image\" \/>\n<meta name=\"twitter:label1\" content=\"Tempo di lettura stimato\" \/>\n\t<meta name=\"twitter:data1\" content=\"1 minuto\" \/>\n<script type=\"application\/ld+json\" class=\"yoast-schema-graph\">{\"@context\":\"https:\/\/schema.org\",\"@graph\":[{\"@type\":\"Organization\",\"@id\":\"http:\/\/transimark.com\/ar\/#organization\",\"name\":\"MARQUAT GENIE BIOMEDICAL\",\"url\":\"http:\/\/transimark.com\/ar\/\",\"sameAs\":[\"https:\/\/www.linkedin.com\/company\/marquat-genie-biomedical\/\"],\"logo\":{\"@type\":\"ImageObject\",\"inLanguage\":\"it-IT\",\"@id\":\"http:\/\/transimark.com\/ar\/#\/schema\/logo\/image\/\",\"url\":\"http:\/\/transimark.com\/wp-content\/uploads\/2022\/06\/logo-marquat-web.jpg\",\"contentUrl\":\"http:\/\/transimark.com\/wp-content\/uploads\/2022\/06\/logo-marquat-web.jpg\",\"width\":400,\"height\":400,\"caption\":\"MARQUAT GENIE BIOMEDICAL\"},\"image\":{\"@id\":\"http:\/\/transimark.com\/ar\/#\/schema\/logo\/image\/\"}},{\"@type\":\"WebSite\",\"@id\":\"http:\/\/transimark.com\/ar\/#website\",\"url\":\"http:\/\/transimark.com\/ar\/\",\"name\":\"Transi-Mark\",\"description\":\"Marqueurs radio-opaques\",\"publisher\":{\"@id\":\"http:\/\/transimark.com\/ar\/#organization\"},\"potentialAction\":[{\"@type\":\"SearchAction\",\"target\":{\"@type\":\"EntryPoint\",\"urlTemplate\":\"http:\/\/transimark.com\/ar\/?s={search_term_string}\"},\"query-input\":\"required name=search_term_string\"}],\"inLanguage\":\"it-IT\"},{\"@type\":\"ImageObject\",\"inLanguage\":\"it-IT\",\"@id\":\"http:\/\/transimark.com\/it\/chi-siamo-noi\/#primaryimage\",\"url\":\"http:\/\/transimark.com\/wp-content\/uploads\/2020\/07\/logo-marquat-web.png\",\"contentUrl\":\"http:\/\/transimark.com\/wp-content\/uploads\/2020\/07\/logo-marquat-web.png\",\"width\":592,\"height\":477},{\"@type\":\"WebPage\",\"@id\":\"http:\/\/transimark.com\/it\/chi-siamo-noi\/#webpage\",\"url\":\"http:\/\/transimark.com\/it\/chi-siamo-noi\/\",\"name\":\"Chi siamo noi ? - Transi-Mark\",\"isPartOf\":{\"@id\":\"http:\/\/transimark.com\/ar\/#website\"},\"primaryImageOfPage\":{\"@id\":\"http:\/\/transimark.com\/it\/chi-siamo-noi\/#primaryimage\"},\"datePublished\":\"2020-07-04T12:43:14+00:00\",\"dateModified\":\"2022-06-23T09:17:16+00:00\",\"breadcrumb\":{\"@id\":\"http:\/\/transimark.com\/it\/chi-siamo-noi\/#breadcrumb\"},\"inLanguage\":\"it-IT\",\"potentialAction\":[{\"@type\":\"ReadAction\",\"target\":[\"http:\/\/transimark.com\/it\/chi-siamo-noi\/\"]}]},{\"@type\":\"BreadcrumbList\",\"@id\":\"http:\/\/transimark.com\/it\/chi-siamo-noi\/#breadcrumb\",\"itemListElement\":[{\"@type\":\"ListItem\",\"position\":1,\"name\":\"Accueil\",\"item\":\"http:\/\/transimark.com\/it\/\"},{\"@type\":\"ListItem\",\"position\":2,\"name\":\"Chi siamo noi ?\"}]}]}<\/script>\n<!-- \/ Yoast SEO plugin. -->","yoast_head_json":{"title":"Chi siamo noi ? - Transi-Mark","robots":{"index":"index","follow":"follow","max-snippet":"max-snippet:-1","max-image-preview":"max-image-preview:large","max-video-preview":"max-video-preview:-1"},"canonical":"http:\/\/transimark.com\/it\/chi-siamo-noi\/","og_locale":"it_IT","og_type":"article","og_title":"Chi siamo noi ? - Transi-Mark","og_description":"100 anni di esperienza al servizio degli operatori sanitari Fondata nel 1884 e con sede vicino a Parigi, Francia, Marquat Genie Biomedical porta da oltre un secolo la sua esperienza nella cateterizzazione per uso medico nei laboratori di ricerca e sviluppando modelli per le esigenze specifiche dei suoi clienti.Marquat G\u00e9nie Biom\u00e9dical \u00e8 il collegamento tra &hellip; Chi siamo noi ? Leggi altro &raquo;","og_url":"http:\/\/transimark.com\/it\/chi-siamo-noi\/","og_site_name":"Transi-Mark","article_modified_time":"2022-06-23T09:17:16+00:00","og_image":[{"url":"http:\/\/transimark.com\/wp-content\/uploads\/2020\/07\/logo-marquat-web.png"}],"twitter_card":"summary_large_image","twitter_misc":{"Tempo di lettura stimato":"1 minuto"},"schema":{"@context":"https:\/\/schema.org","@graph":[{"@type":"Organization","@id":"http:\/\/transimark.com\/ar\/#organization","name":"MARQUAT GENIE BIOMEDICAL","url":"http:\/\/transimark.com\/ar\/","sameAs":["https:\/\/www.linkedin.com\/company\/marquat-genie-biomedical\/"],"logo":{"@type":"ImageObject","inLanguage":"it-IT","@id":"http:\/\/transimark.com\/ar\/#\/schema\/logo\/image\/","url":"http:\/\/transimark.com\/wp-content\/uploads\/2022\/06\/logo-marquat-web.jpg","contentUrl":"http:\/\/transimark.com\/wp-content\/uploads\/2022\/06\/logo-marquat-web.jpg","width":400,"height":400,"caption":"MARQUAT GENIE BIOMEDICAL"},"image":{"@id":"http:\/\/transimark.com\/ar\/#\/schema\/logo\/image\/"}},{"@type":"WebSite","@id":"http:\/\/transimark.com\/ar\/#website","url":"http:\/\/transimark.com\/ar\/","name":"Transi-Mark","description":"Marqueurs radio-opaques","publisher":{"@id":"http:\/\/transimark.com\/ar\/#organization"},"potentialAction":[{"@type":"SearchAction","target":{"@type":"EntryPoint","urlTemplate":"http:\/\/transimark.com\/ar\/?s={search_term_string}"},"query-input":"required name=search_term_string"}],"inLanguage":"it-IT"},{"@type":"ImageObject","inLanguage":"it-IT","@id":"http:\/\/transimark.com\/it\/chi-siamo-noi\/#primaryimage","url":"http:\/\/transimark.com\/wp-content\/uploads\/2020\/07\/logo-marquat-web.png","contentUrl":"http:\/\/transimark.com\/wp-content\/uploads\/2020\/07\/logo-marquat-web.png","width":592,"height":477},{"@type":"WebPage","@id":"http:\/\/transimark.com\/it\/chi-siamo-noi\/#webpage","url":"http:\/\/transimark.com\/it\/chi-siamo-noi\/","name":"Chi siamo noi ? - Transi-Mark","isPartOf":{"@id":"http:\/\/transimark.com\/ar\/#website"},"primaryImageOfPage":{"@id":"http:\/\/transimark.com\/it\/chi-siamo-noi\/#primaryimage"},"datePublished":"2020-07-04T12:43:14+00:00","dateModified":"2022-06-23T09:17:16+00:00","breadcrumb":{"@id":"http:\/\/transimark.com\/it\/chi-siamo-noi\/#breadcrumb"},"inLanguage":"it-IT","potentialAction":[{"@type":"ReadAction","target":["http:\/\/transimark.com\/it\/chi-siamo-noi\/"]}]},{"@type":"BreadcrumbList","@id":"http:\/\/transimark.com\/it\/chi-siamo-noi\/#breadcrumb","itemListElement":[{"@type":"ListItem","position":1,"name":"Accueil","item":"http:\/\/transimark.com\/it\/"},{"@type":"ListItem","position":2,"name":"Chi siamo noi ?"}]}]}},"_links":{"self":[{"href":"http:\/\/transimark.com\/it\/wp-json\/wp\/v2\/pages\/829"}],"collection":[{"href":"http:\/\/transimark.com\/it\/wp-json\/wp\/v2\/pages"}],"about":[{"href":"http:\/\/transimark.com\/it\/wp-json\/wp\/v2\/types\/page"}],"author":[{"embeddable":true,"href":"http:\/\/transimark.com\/it\/wp-json\/wp\/v2\/users\/1"}],"replies":[{"embeddable":true,"href":"http:\/\/transimark.com\/it\/wp-json\/wp\/v2\/comments?post=829"}],"version-history":[{"count":2,"href":"http:\/\/transimark.com\/it\/wp-json\/wp\/v2\/pages\/829\/revisions"}],"predecessor-version":[{"id":1373,"href":"http:\/\/transimark.com\/it\/wp-json\/wp\/v2\/pages\/829\/revisions\/1373"}],"wp:attachment":[{"href":"http:\/\/transimark.com\/it\/wp-json\/wp\/v2\/media?parent=829"}],"curies":[{"name":"wp","href":"https:\/\/api.w.org\/{rel}","templated":true}]}}