{"id":1523,"date":"2022-06-24T15:50:52","date_gmt":"2022-06-24T13:50:52","guid":{"rendered":"https:\/\/transimark.com\/yasal-uyari\/"},"modified":"2022-06-24T15:51:04","modified_gmt":"2022-06-24T13:51:04","slug":"yasal-uyari","status":"publish","type":"page","link":"https:\/\/transimark.com\/tr\/yasal-uyari\/","title":{"rendered":"Yasal Uyar\u0131"},"content":{"rendered":"\n<h2 class=\"wp-block-heading\">Biz Kimiz ?<\/h2>\n\n<p>Web sitemizin adresi: https:\/\/transimark.com.<\/p>\n\n<h2 class=\"wp-block-heading\">Toplanan ki\u015fisel verilerin kullan\u0131m\u0131<\/h2>\n\n<h3 class=\"wp-block-heading\">Yorumlar<\/h3>\n\n<p>Web sitemize bir yorum b\u0131rakt\u0131\u011f\u0131n\u0131zda, yorum formuna girilen veriler, ayr\u0131ca IP adresiniz ve taray\u0131c\u0131n\u0131z\u0131n kullan\u0131c\u0131 arac\u0131s\u0131, istenmeyen yorumlar\u0131 tespit etmemize yard\u0131mc\u0131 olmak i\u00e7in toplan\u0131r.<\/p>\n\n<p>E-posta adresinizden (karma olarak da adland\u0131r\u0131l\u0131r) olu\u015fturulan anonimle\u015ftirilmi\u015f bir dize, kullan\u0131p kullanmad\u0131\u011f\u0131n\u0131z\u0131 kontrol etmek i\u00e7in Gravatar hizmetine g\u00f6nderilebilir. Gravatar hizmetinin gizlilik h\u00fck\u00fcmleri burada mevcuttur: https:\/\/automattic.com\/privacy\/. Yorumunuz onayland\u0131ktan sonra profil foto\u011fraf\u0131n\u0131z yorumunuzun yan\u0131nda herkese a\u00e7\u0131k olarak g\u00f6r\u00fcn\u00fcr olacakt\u0131r.<\/p>\n\n<h3 class=\"wp-block-heading\">medya<\/h3>\n\n<p>Kay\u0131tl\u0131 bir kullan\u0131c\u0131ysan\u0131z ve web sitesine resim y\u00fckl\u00fcyorsan\u0131z, EXIF GPS koordinat verilerini i\u00e7eren resimler y\u00fcklemekten ka\u00e7\u0131nman\u0131z\u0131 \u00f6neririz. Web sitenizin ziyaret\u00e7ileri, bu resimlerden konum verilerini indirebilir ve \u00e7\u0131karabilir.<\/p>\n\n<h3 class=\"wp-block-heading\">\u0130leti\u015fim formlar\u0131<\/h3>\n\n<h3 class=\"wp-block-heading\">Kurabiye<\/h3>\n\n<p>Sitemize bir yorum b\u0131rak\u0131rsan\u0131z, ad\u0131n\u0131z\u0131, e-posta adresinizi ve web sitenizi \u00e7erezlere kaydetmeniz \u00f6nerilecektir. Bu sadece sizin rahat\u0131n\u0131z i\u00e7indir, b\u00f6ylece daha sonra ba\u015fka bir yorum b\u0131rak\u0131rsan\u0131z bu bilgileri girmek zorunda kalmazs\u0131n\u0131z. Bu \u00e7erezler bir y\u0131l sonra sona erer.<\/p>\n\n<p>Bir hesab\u0131n\u0131z varsa ve bu siteye ba\u011flan\u0131rsan\u0131z, taray\u0131c\u0131n\u0131z\u0131n \u00e7erezleri kabul edip etmedi\u011fini belirlemek i\u00e7in ge\u00e7ici bir \u00e7erez olu\u015fturulur. Ki\u015fisel veri i\u00e7ermez ve taray\u0131c\u0131n\u0131z\u0131 kapatt\u0131\u011f\u0131n\u0131zda otomatik olarak silinir.<\/p>\n\n<p>Giri\u015f yapt\u0131\u011f\u0131n\u0131zda, giri\u015f bilgilerinizi ve ekran tercihlerinizi kaydetmek i\u00e7in bir dizi \u00e7erez ayarlayaca\u011f\u0131z. Bir ba\u011flant\u0131 \u00e7erezinin \u00f6mr\u00fc iki g\u00fcnd\u00fcr, bir ekran se\u00e7ene\u011fi \u00e7erezinin \u00f6mr\u00fc bir y\u0131ld\u0131r. \u201cBeni hat\u0131rla\u201d se\u00e7ene\u011fini i\u015faretlerseniz, oturum a\u00e7ma \u00e7ereziniz iki hafta boyunca saklanacakt\u0131r. Hesab\u0131n\u0131zdan \u00e7\u0131k\u0131\u015f yaparsan\u0131z, giri\u015f \u00e7erezi silinecektir.<\/p>\n\n<p>Bir g\u00f6nderiyi d\u00fczenleyerek veya yay\u0131nlayarak, taray\u0131c\u0131n\u0131za ek bir \u00e7erez kaydedilir. Bu \u00e7erez herhangi bir ki\u015fisel veri i\u00e7ermez. Sadece az \u00f6nce d\u00fczenledi\u011finiz g\u00f6nderinin kimli\u011fini g\u00f6sterir. Bir g\u00fcn sonra sona erer.<\/p>\n\n<h3 class=\"wp-block-heading\">Di\u011fer sitelerden g\u00f6m\u00fcl\u00fc i\u00e7erik<\/h3>\n\n<p>Bu sitedeki makaleler g\u00f6m\u00fcl\u00fc i\u00e7erik (\u00f6r. videolar, resimler, makaleler vb.) i\u00e7erebilir. Di\u011fer sitelerden g\u00f6m\u00fcl\u00fc i\u00e7erik, ziyaret\u00e7inin di\u011fer siteye gelmesiyle ayn\u0131 \u015fekilde davran\u0131r.<\/p>\n\n<p>Bu web siteleri, sizin hakk\u0131n\u0131zda veri toplayabilir, \u00e7erez kullanabilir, \u00fc\u00e7\u00fcnc\u00fc taraf izleme ara\u00e7lar\u0131n\u0131 yerle\u015ftirebilir, web sitelerine ba\u011fl\u0131 bir hesab\u0131n\u0131z varsa, bu g\u00f6m\u00fcl\u00fc i\u00e7erikle etkile\u015fimlerinizi takip edebilir.<\/p>\n\n<h3 class=\"wp-block-heading\">\u0130statistikler ve izleyici \u00f6l\u00e7\u00fcmleri<\/h3>\n\n<h2 class=\"wp-block-heading\">Ki\u015fisel verilerinizin kullan\u0131lmas\u0131 ve iletilmesi<\/h2>\n\n<h2 class=\"wp-block-heading\">Verileriniz i\u00e7in saklama s\u00fcreleri<\/h2>\n\n<p>Bir yorum b\u0131rak\u0131rsan\u0131z, yorum ve meta verileri s\u00fcresiz olarak saklan\u0131r. Bu, sonraki yorumlar\u0131 denetleme kuyru\u011funda b\u0131rakmak yerine otomatik olarak tan\u0131r ve onaylar.<\/p>\n\n<p>Sitemize kaydolan kullan\u0131c\u0131lar i\u00e7in (m\u00fcmk\u00fcnse) profillerinde belirtilen ki\u015fisel verileri de saklar\u0131z. T\u00fcm kullan\u0131c\u0131lar ki\u015fisel bilgilerini istedikleri zaman g\u00f6rebilir, de\u011fi\u015ftirebilir veya silebilir (kullan\u0131c\u0131 ad\u0131\u00b7ice hari\u00e7). Site y\u00f6neticileri de bu bilgileri g\u00f6r\u00fcnt\u00fcleyebilir ve d\u00fczenleyebilir.<\/p>\n\n<h2 class=\"wp-block-heading\">Verileriniz \u00fczerinde sahip oldu\u011funuz haklar<\/h2>\n\n<p>Bir hesab\u0131n\u0131z varsa veya sitede yorum b\u0131rakt\u0131ysan\u0131z, bize sa\u011flad\u0131\u011f\u0131n\u0131z bilgiler de dahil olmak \u00fczere sizinle ilgili sahip oldu\u011fumuz t\u00fcm ki\u015fisel verileri i\u00e7eren bir dosya almay\u0131 talep edebilirsiniz. Ayr\u0131ca sizinle ilgili ki\u015fisel verilerin silinmesini talep edebilirsiniz. Bu, idari, yasal veya g\u00fcvenlik nedenleriyle saklanan verileri hesaba katmaz.<\/p>\n\n<h2 class=\"wp-block-heading\">Ki\u015fisel verilerinizin iletilmesi<\/h2>\n\n<p>Ziyaret\u00e7i yorumlar\u0131, otomatik bir spam alg\u0131lama hizmeti arac\u0131l\u0131\u011f\u0131yla kontrol edilebilir.<\/p>\n\n<h2 class=\"wp-block-heading\">\u0130leti\u015fim bilgileri<\/h2>\n\n<h2 class=\"wp-block-heading\">Ek Bilgiler<\/h2>\n\n<h3 class=\"wp-block-heading\">Verilerinizi nas\u0131l koruyoruz<\/h3>\n\n<h3 class=\"wp-block-heading\">Veri s\u0131z\u0131nt\u0131s\u0131 durumunda uygulanan prosed\u00fcrler<\/h3>\n\n<h3 class=\"wp-block-heading\">Bize veri ileten \u00fc\u00e7\u00fcnc\u00fc taraf hizmetler<\/h3>\n\n<h3 class=\"wp-block-heading\">Ki\u015fisel veriler kullan\u0131larak ger\u00e7ekle\u015ftirilen otomatik pazarlama ve\/veya profil \u00e7\u0131karma i\u015flemleri<\/h3>\n\n<h3 class=\"wp-block-heading\">Spesifik d\u00fczenlemelere tabi sekt\u00f6rlerle ilgili bilgilerin g\u00f6r\u00fcnt\u00fclenmesi<\/h3>\n","protected":false},"excerpt":{"rendered":"<p>Biz Kimiz ? Web sitemizin adresi: https:\/\/transimark.com. Toplanan ki\u015fisel verilerin kullan\u0131m\u0131 Yorumlar Web sitemize bir yorum b\u0131rakt\u0131\u011f\u0131n\u0131zda, yorum formuna girilen veriler, ayr\u0131ca IP adresiniz ve taray\u0131c\u0131n\u0131z\u0131n kullan\u0131c\u0131 arac\u0131s\u0131, istenmeyen yorumlar\u0131 tespit etmemize yard\u0131mc\u0131 olmak i\u00e7in toplan\u0131r. E-posta adresinizden (karma olarak da adland\u0131r\u0131l\u0131r) olu\u015fturulan anonimle\u015ftirilmi\u015f bir dize, kullan\u0131p kullanmad\u0131\u011f\u0131n\u0131z\u0131 kontrol etmek i\u00e7in Gravatar hizmetine g\u00f6nderilebilir. Gravatar &hellip;<\/p>\n<p class=\"read-more\"> <a class=\"\" href=\"https:\/\/transimark.com\/tr\/yasal-uyari\/\"> <span class=\"screen-reader-text\">Yasal Uyar\u0131<\/span> Devam\u0131 &raquo;<\/a><\/p>\n","protected":false},"author":1,"featured_media":0,"parent":0,"menu_order":12,"comment_status":"closed","ping_status":"closed","template":"","meta":{"site-sidebar-layout":"no-sidebar","site-content-layout":"plain-container","ast-global-header-display":"","ast-main-header-display":"disabled","ast-hfb-above-header-display":"","ast-hfb-below-header-display":"","ast-hfb-mobile-header-display":"","site-post-title":"disabled","ast-breadcrumbs-content":"disabled","ast-featured-img":"disabled","footer-sml-layout":"disabled","theme-transparent-header-meta":"default","adv-header-id-meta":"","stick-header-meta":"","header-above-stick-meta":"","header-main-stick-meta":"","header-below-stick-meta":"","footnotes":""},"class_list":["post-1523","page","type-page","status-publish","hentry"],"yoast_head":"<!-- This site is optimized with the Yoast SEO plugin v19.1 - https:\/\/yoast.com\/wordpress\/plugins\/seo\/ -->\n<title>Yasal Uyar\u0131 - Transi-Mark<\/title>\n<meta name=\"robots\" content=\"index, follow, max-snippet:-1, max-image-preview:large, max-video-preview:-1\" \/>\n<link rel=\"canonical\" href=\"https:\/\/transimark.com\/tr\/yasal-uyari\/\" \/>\n<meta property=\"og:locale\" content=\"tr_TR\" \/>\n<meta property=\"og:type\" content=\"article\" \/>\n<meta property=\"og:title\" content=\"Yasal Uyar\u0131 - Transi-Mark\" \/>\n<meta property=\"og:description\" content=\"Biz Kimiz ? Web sitemizin adresi: https:\/\/transimark.com. Toplanan ki\u015fisel verilerin kullan\u0131m\u0131 Yorumlar Web sitemize bir yorum b\u0131rakt\u0131\u011f\u0131n\u0131zda, yorum formuna girilen veriler, ayr\u0131ca IP adresiniz ve taray\u0131c\u0131n\u0131z\u0131n kullan\u0131c\u0131 arac\u0131s\u0131, istenmeyen yorumlar\u0131 tespit etmemize yard\u0131mc\u0131 olmak i\u00e7in toplan\u0131r. E-posta adresinizden (karma olarak da adland\u0131r\u0131l\u0131r) olu\u015fturulan anonimle\u015ftirilmi\u015f bir dize, kullan\u0131p kullanmad\u0131\u011f\u0131n\u0131z\u0131 kontrol etmek i\u00e7in Gravatar hizmetine g\u00f6nderilebilir. Gravatar &hellip; Yasal Uyar\u0131 Devam\u0131 &raquo;\" \/>\n<meta property=\"og:url\" content=\"https:\/\/transimark.com\/tr\/yasal-uyari\/\" \/>\n<meta property=\"og:site_name\" content=\"Transi-Mark\" \/>\n<meta property=\"article:modified_time\" content=\"2022-06-24T13:51:04+00:00\" \/>\n<meta name=\"twitter:card\" content=\"summary_large_image\" \/>\n<meta name=\"twitter:label1\" content=\"Tahmini okuma s\u00fcresi\" \/>\n\t<meta name=\"twitter:data1\" content=\"3 dakika\" \/>\n<script type=\"application\/ld+json\" class=\"yoast-schema-graph\">{\"@context\":\"https:\/\/schema.org\",\"@graph\":[{\"@type\":\"Organization\",\"@id\":\"https:\/\/transimark.com\/tr\/#organization\",\"name\":\"MARQUAT GENIE BIOMEDICAL\",\"url\":\"https:\/\/transimark.com\/tr\/\",\"sameAs\":[\"https:\/\/www.linkedin.com\/company\/marquat-genie-biomedical\/\"],\"logo\":{\"@type\":\"ImageObject\",\"inLanguage\":\"tr\",\"@id\":\"https:\/\/transimark.com\/tr\/#\/schema\/logo\/image\/\",\"url\":\"https:\/\/transimark.com\/wp-content\/uploads\/2022\/06\/logo-marquat-web.jpg\",\"contentUrl\":\"https:\/\/transimark.com\/wp-content\/uploads\/2022\/06\/logo-marquat-web.jpg\",\"width\":400,\"height\":400,\"caption\":\"MARQUAT GENIE BIOMEDICAL\"},\"image\":{\"@id\":\"https:\/\/transimark.com\/tr\/#\/schema\/logo\/image\/\"}},{\"@type\":\"WebSite\",\"@id\":\"https:\/\/transimark.com\/tr\/#website\",\"url\":\"https:\/\/transimark.com\/tr\/\",\"name\":\"Transi-Mark\",\"description\":\"Marqueurs radio-opaques\",\"publisher\":{\"@id\":\"https:\/\/transimark.com\/tr\/#organization\"},\"potentialAction\":[{\"@type\":\"SearchAction\",\"target\":{\"@type\":\"EntryPoint\",\"urlTemplate\":\"https:\/\/transimark.com\/tr\/?s={search_term_string}\"},\"query-input\":\"required name=search_term_string\"}],\"inLanguage\":\"tr\"},{\"@type\":\"WebPage\",\"@id\":\"https:\/\/transimark.com\/tr\/yasal-uyari\/#webpage\",\"url\":\"https:\/\/transimark.com\/tr\/yasal-uyari\/\",\"name\":\"Yasal Uyar\u0131 - Transi-Mark\",\"isPartOf\":{\"@id\":\"https:\/\/transimark.com\/tr\/#website\"},\"datePublished\":\"2022-06-24T13:50:52+00:00\",\"dateModified\":\"2022-06-24T13:51:04+00:00\",\"breadcrumb\":{\"@id\":\"https:\/\/transimark.com\/tr\/yasal-uyari\/#breadcrumb\"},\"inLanguage\":\"tr\",\"potentialAction\":[{\"@type\":\"ReadAction\",\"target\":[\"https:\/\/transimark.com\/tr\/yasal-uyari\/\"]}]},{\"@type\":\"BreadcrumbList\",\"@id\":\"https:\/\/transimark.com\/tr\/yasal-uyari\/#breadcrumb\",\"itemListElement\":[{\"@type\":\"ListItem\",\"position\":1,\"name\":\"Accueil\",\"item\":\"https:\/\/transimark.com\/tr\/hasta-bilgisi\/\"},{\"@type\":\"ListItem\",\"position\":2,\"name\":\"Yasal Uyar\u0131\"}]}]}<\/script>\n<!-- \/ Yoast SEO plugin. -->","yoast_head_json":{"title":"Yasal Uyar\u0131 - Transi-Mark","robots":{"index":"index","follow":"follow","max-snippet":"max-snippet:-1","max-image-preview":"max-image-preview:large","max-video-preview":"max-video-preview:-1"},"canonical":"https:\/\/transimark.com\/tr\/yasal-uyari\/","og_locale":"tr_TR","og_type":"article","og_title":"Yasal Uyar\u0131 - Transi-Mark","og_description":"Biz Kimiz ? Web sitemizin adresi: https:\/\/transimark.com. Toplanan ki\u015fisel verilerin kullan\u0131m\u0131 Yorumlar Web sitemize bir yorum b\u0131rakt\u0131\u011f\u0131n\u0131zda, yorum formuna girilen veriler, ayr\u0131ca IP adresiniz ve taray\u0131c\u0131n\u0131z\u0131n kullan\u0131c\u0131 arac\u0131s\u0131, istenmeyen yorumlar\u0131 tespit etmemize yard\u0131mc\u0131 olmak i\u00e7in toplan\u0131r. E-posta adresinizden (karma olarak da adland\u0131r\u0131l\u0131r) olu\u015fturulan anonimle\u015ftirilmi\u015f bir dize, kullan\u0131p kullanmad\u0131\u011f\u0131n\u0131z\u0131 kontrol etmek i\u00e7in Gravatar hizmetine g\u00f6nderilebilir. Gravatar &hellip; Yasal Uyar\u0131 Devam\u0131 &raquo;","og_url":"https:\/\/transimark.com\/tr\/yasal-uyari\/","og_site_name":"Transi-Mark","article_modified_time":"2022-06-24T13:51:04+00:00","twitter_card":"summary_large_image","twitter_misc":{"Tahmini okuma s\u00fcresi":"3 dakika"},"schema":{"@context":"https:\/\/schema.org","@graph":[{"@type":"Organization","@id":"https:\/\/transimark.com\/tr\/#organization","name":"MARQUAT GENIE BIOMEDICAL","url":"https:\/\/transimark.com\/tr\/","sameAs":["https:\/\/www.linkedin.com\/company\/marquat-genie-biomedical\/"],"logo":{"@type":"ImageObject","inLanguage":"tr","@id":"https:\/\/transimark.com\/tr\/#\/schema\/logo\/image\/","url":"https:\/\/transimark.com\/wp-content\/uploads\/2022\/06\/logo-marquat-web.jpg","contentUrl":"https:\/\/transimark.com\/wp-content\/uploads\/2022\/06\/logo-marquat-web.jpg","width":400,"height":400,"caption":"MARQUAT GENIE BIOMEDICAL"},"image":{"@id":"https:\/\/transimark.com\/tr\/#\/schema\/logo\/image\/"}},{"@type":"WebSite","@id":"https:\/\/transimark.com\/tr\/#website","url":"https:\/\/transimark.com\/tr\/","name":"Transi-Mark","description":"Marqueurs radio-opaques","publisher":{"@id":"https:\/\/transimark.com\/tr\/#organization"},"potentialAction":[{"@type":"SearchAction","target":{"@type":"EntryPoint","urlTemplate":"https:\/\/transimark.com\/tr\/?s={search_term_string}"},"query-input":"required name=search_term_string"}],"inLanguage":"tr"},{"@type":"WebPage","@id":"https:\/\/transimark.com\/tr\/yasal-uyari\/#webpage","url":"https:\/\/transimark.com\/tr\/yasal-uyari\/","name":"Yasal Uyar\u0131 - Transi-Mark","isPartOf":{"@id":"https:\/\/transimark.com\/tr\/#website"},"datePublished":"2022-06-24T13:50:52+00:00","dateModified":"2022-06-24T13:51:04+00:00","breadcrumb":{"@id":"https:\/\/transimark.com\/tr\/yasal-uyari\/#breadcrumb"},"inLanguage":"tr","potentialAction":[{"@type":"ReadAction","target":["https:\/\/transimark.com\/tr\/yasal-uyari\/"]}]},{"@type":"BreadcrumbList","@id":"https:\/\/transimark.com\/tr\/yasal-uyari\/#breadcrumb","itemListElement":[{"@type":"ListItem","position":1,"name":"Accueil","item":"https:\/\/transimark.com\/tr\/hasta-bilgisi\/"},{"@type":"ListItem","position":2,"name":"Yasal Uyar\u0131"}]}]}},"_links":{"self":[{"href":"https:\/\/transimark.com\/tr\/wp-json\/wp\/v2\/pages\/1523","targetHints":{"allow":["GET"]}}],"collection":[{"href":"https:\/\/transimark.com\/tr\/wp-json\/wp\/v2\/pages"}],"about":[{"href":"https:\/\/transimark.com\/tr\/wp-json\/wp\/v2\/types\/page"}],"author":[{"embeddable":true,"href":"https:\/\/transimark.com\/tr\/wp-json\/wp\/v2\/users\/1"}],"replies":[{"embeddable":true,"href":"https:\/\/transimark.com\/tr\/wp-json\/wp\/v2\/comments?post=1523"}],"version-history":[{"count":1,"href":"https:\/\/transimark.com\/tr\/wp-json\/wp\/v2\/pages\/1523\/revisions"}],"predecessor-version":[{"id":1524,"href":"https:\/\/transimark.com\/tr\/wp-json\/wp\/v2\/pages\/1523\/revisions\/1524"}],"wp:attachment":[{"href":"https:\/\/transimark.com\/tr\/wp-json\/wp\/v2\/media?parent=1523"}],"curies":[{"name":"wp","href":"https:\/\/api.w.org\/{rel}","templated":true}]}}